{"id":156,"date":"2020-06-10T03:51:09","date_gmt":"2020-06-10T03:51:09","guid":{"rendered":"http:\/\/sw-themes.com\/porto_dummy\/?page_id=156"},"modified":"2024-01-06T12:29:14","modified_gmt":"2024-01-06T12:29:14","slug":"pulmonology","status":"publish","type":"page","link":"https:\/\/www.drilkeralicerci.com.tr\/?page_id=156","title":{"rendered":"Detayl\u0131 Ultrasonografi"},"content":{"rendered":"<p>[vc_row][vc_column][vc_column_text]Detayl\u0131 ultrasonografi, gebelik s\u0131ras\u0131nda fetusun ba\u015f\u0131ndan ayaklar\u0131na kadar detayl\u0131 bir \u015fekilde de\u011ferlendirilmesini sa\u011flar. Genellikle gebeli\u011fin 18 ila 22 haftalar\u0131 aras\u0131nda yap\u0131l\u0131r. Fetusun t\u00fcm organlar\u0131, geli\u015fimi ve genel sa\u011fl\u0131\u011f\u0131 hakk\u0131nda daha ayr\u0131nt\u0131l\u0131 bilgi elde edilir. Detayl\u0131 ultrasonografi yap\u0131labilmesi i\u00e7in \u00fcst d\u00fczey ultrasonografi cihaz\u0131 kullan\u0131lmas\u0131 gereklidir.<\/p>\n<p><strong>Ama\u00e7:<\/strong> Detayl\u0131 ultrasonografinin amac\u0131, anne karn\u0131ndaki bebe\u011fin organlar\u0131, uzuvlar\u0131 ve genel geli\u015fimi \u00fczerinde detayl\u0131 bir inceleme yapmakt\u0131r. B\u00f6ylelikle varsa do\u011fum kusurlar\u0131, geli\u015fim sorunlar\u0131 veya di\u011fer sa\u011fl\u0131k sorunlar\u0131 hakk\u0131nda bilgi elde edilir.<\/p>\n<p><strong>Zamanlamas\u0131:<\/strong> Genellikle, bu t\u00fcr bir ultrasonografi gebeli\u011fin 18 ila 22 haftas\u0131 aras\u0131nda ger\u00e7ekle\u015ftirilir. Bu d\u00f6nemde, fetusun organlar\u0131 daha belirgin hale gelir ve detayl\u0131 bir inceleme daha iyi yap\u0131labilir. Ancak biraz daha erken ve biraz daha ge\u00e7 yap\u0131lmas\u0131 da m\u00fcmk\u00fcnd\u00fcr.<\/p>\n<p><strong>Hangi Organlar \u0130ncelenir?:<\/strong> Detayl\u0131 ultrasonografi s\u0131ras\u0131nda, bebe\u011fin kafas\u0131, beyin, kalp, omurga, b\u00f6brekler, mide, ba\u011f\u0131rsaklar, kemikler ve cinsel organlar gibi bir\u00e7ok organ dikkatlice incelenir. Ayr\u0131ca, bebe\u011fin boyutu, b\u00fcy\u00fcmesi ve amniyotik s\u0131v\u0131n\u0131n miktar\u0131 da de\u011ferlendirilir. Plasenta da (bebe\u011fin e\u015fi) \u00f6zellikle incelenir.<\/p>\n<p><strong>Cinsiyet Belirleme:<\/strong> Anne-baba adaylar\u0131 genellikle detayl\u0131 ultrasonografi s\u0131ras\u0131nda bebe\u011fin cinsiyetini \u00f6\u011frenmek isterler. \u00c7ift cinsiyet, cinsiyet belirsizli\u011fi gibi anormallikler bazen kar\u015f\u0131m\u0131za \u00e7\u0131kabilmektedir. Bu nedenle bebe\u011fin cinsel b\u00f6lgesinin incelenmesi sadece merak gidermek i\u00e7in de\u011fil t\u0131bbi a\u00e7\u0131dan da gerekli ve \u00f6nemlidir.<\/p>\n<p><strong>Risk De\u011ferlendirmesi:<\/strong> Detayl\u0131 ultrasonografi, genetik bozukluklar veya di\u011fer sa\u011fl\u0131k sorunlar\u0131 a\u00e7\u0131s\u0131ndan risk alt\u0131nda olup olmad\u0131\u011f\u0131n\u0131z\u0131 de\u011ferlendirmek i\u00e7in kullan\u0131labilir.<\/p>\n<p><strong>Uygulama:<\/strong> Bu t\u00fcr ultrasonografiler genellikle uzman bir ultrasonografist veya perinatolog taraf\u0131ndan ger\u00e7ekle\u015ftirilir. Bu profesyoneller, fetusun geli\u015fimini de\u011ferlendirmek ve potansiyel problemleri belirlemek konusunda uzmanla\u015fm\u0131\u015ft\u0131r. Bu ama\u00e7la \u00fcst d\u00fczey ultrasonografi cihazlar\u0131 kullan\u0131lmal\u0131d\u0131r.<\/p>\n<p>Detayl\u0131 ultrasonografi ile anne karn\u0131ndaki bebe\u011fin bir\u00e7ok hastal\u0131\u011f\u0131n\u0131 belirlemek ve buna y\u00f6nelik tedbirler almak m\u00fcmk\u00fcnd\u00fcr. Detayl\u0131 ultrasonografi ile anla\u015f\u0131lamayan baz\u0131 hastal\u0131klar da mevcuttur. Bu ama\u00e7la daha ileri tetkiklerin (fetal dna testi, amniyosentez gibi) yap\u0131lmas\u0131 gerekebilir.[\/vc_column_text][vc_separator color=&#8221;custom&#8221; style=&#8221;solid&#8221; el_class=&#8221;my-5&#8243;][\/vc_column][\/vc_row]<\/p>\n","protected":false},"excerpt":{"rendered":"<p>[vc_row][vc_column][vc_column_text]Detayl\u0131 ultrasonografi, gebelik s\u0131ras\u0131nda fetusun ba\u015f\u0131ndan ayaklar\u0131na kadar detayl\u0131 bir \u015fekilde de\u011ferlendirilmesini sa\u011flar. Genellikle gebeli\u011fin 18 ila 22 haftalar\u0131 aras\u0131nda yap\u0131l\u0131r. Fetusun t\u00fcm organlar\u0131, geli\u015fimi ve genel sa\u011fl\u0131\u011f\u0131 hakk\u0131nda daha ayr\u0131nt\u0131l\u0131 bilgi elde edilir. Detayl\u0131 ultrasonografi yap\u0131labilmesi i\u00e7in \u00fcst d\u00fczey ultrasonografi cihaz\u0131 kullan\u0131lmas\u0131 gereklidir. Ama\u00e7: Detayl\u0131 ultrasonografinin amac\u0131, anne karn\u0131ndaki bebe\u011fin organlar\u0131, uzuvlar\u0131 ve genel [&hellip;]<\/p>\n","protected":false},"author":1,"featured_media":0,"parent":15,"menu_order":0,"comment_status":"closed","ping_status":"closed","template":"","meta":{"footnotes":""},"class_list":["post-156","page","type-page","status-publish","hentry"],"_links":{"self":[{"href":"https:\/\/www.drilkeralicerci.com.tr\/index.php?rest_route=\/wp\/v2\/pages\/156","targetHints":{"allow":["GET"]}}],"collection":[{"href":"https:\/\/www.drilkeralicerci.com.tr\/index.php?rest_route=\/wp\/v2\/pages"}],"about":[{"href":"https:\/\/www.drilkeralicerci.com.tr\/index.php?rest_route=\/wp\/v2\/types\/page"}],"author":[{"embeddable":true,"href":"https:\/\/www.drilkeralicerci.com.tr\/index.php?rest_route=\/wp\/v2\/users\/1"}],"replies":[{"embeddable":true,"href":"https:\/\/www.drilkeralicerci.com.tr\/index.php?rest_route=%2Fwp%2Fv2%2Fcomments&post=156"}],"version-history":[{"count":3,"href":"https:\/\/www.drilkeralicerci.com.tr\/index.php?rest_route=\/wp\/v2\/pages\/156\/revisions"}],"predecessor-version":[{"id":459,"href":"https:\/\/www.drilkeralicerci.com.tr\/index.php?rest_route=\/wp\/v2\/pages\/156\/revisions\/459"}],"up":[{"embeddable":true,"href":"https:\/\/www.drilkeralicerci.com.tr\/index.php?rest_route=\/wp\/v2\/pages\/15"}],"wp:attachment":[{"href":"https:\/\/www.drilkeralicerci.com.tr\/index.php?rest_route=%2Fwp%2Fv2%2Fmedia&parent=156"}],"curies":[{"name":"wp","href":"https:\/\/api.w.org\/{rel}","templated":true}]}}