{"id":11,"date":"2020-06-09T03:28:24","date_gmt":"2020-06-09T03:28:24","guid":{"rendered":"http:\/\/sw-themes.com\/porto_dummy\/?page_id=11"},"modified":"2024-01-06T13:58:33","modified_gmt":"2024-01-06T13:58:33","slug":"about-us","status":"publish","type":"page","link":"https:\/\/www.drilkeralicerci.com.tr\/?page_id=11","title":{"rendered":"Hakk\u0131mda"},"content":{"rendered":"<p>[vc_row content_placement=&#8221;middle&#8221; no_padding=&#8221;yes&#8221; el_class=&#8221;pb-md-2&#8243;][vc_column animation_delay=&#8221;100&#8243; offset=&#8221;vc_col-md-6&#8243; css=&#8221;.vc_custom_1704549437965{padding-top: 33vh !important;padding-bottom: 33vh !important;background-image: url(https:\/\/www.drilkeralicerci.com.tr\/wp-content\/uploads\/2024\/01\/thumbnail_IMG_1926.jpg?id=505) !important;background-position: center !important;background-repeat: no-repeat !important;background-size: cover !important;}&#8221; el_class=&#8221;section-right-triangle&#8221; animation_type=&#8221;fadeIn&#8221;][\/vc_column][vc_column is_half=&#8221;yes&#8221; offset=&#8221;vc_col-md-6&#8243; half_css=&#8221;py-5&#8243;][vc_custom_heading text=&#8221;1971 y\u0131l\u0131nda Osmaniye\u2019de do\u011fdum. 1994 y\u0131l\u0131nda \u0130stanbul T\u0131p Fak\u00fcltesinden mezun oldum. Ayn\u0131 y\u0131l Okmeydan\u0131 E\u011fitim ve Ara\u015ft\u0131rma Hastanesinde, Kad\u0131n Do\u011fum \u0130htisas\u0131na ba\u015flad\u0131m. 1999 y\u0131l\u0131nda Kad\u0131n Do\u011fum Uzman\u0131 oldum. Anadolu\u2019da 20 y\u0131l Kad\u0131n Do\u011fum deneyiminin ard\u0131ndan Sakarya \u00dcniversitesi\u2019nde Perinatoloji \u0130htisas\u0131na ba\u015flad\u0131m. 2019 y\u0131l\u0131nda Perinatoloji Uzman\u0131 oldum. \u00d6zellikle riskli gebeliklerin takip, tedavi ve do\u011fumlar\u0131n\u0131 ger\u00e7ekle\u015ftirmekteyim. Ayn\u0131 zamanda detayl\u0131 ultrasonografi, fetal eko ve gerekli durumlarda amniyosentez (rahim i\u00e7inden s\u0131v\u0131 al\u0131nmas\u0131), fetal dna testi gibi ileri tetkikleri yapmaktay\u0131m.&#8221; font_container=&#8221;tag:h4|text_align:justify&#8221; use_theme_fonts=&#8221;yes&#8221; font_weight=&#8221;600&#8243; animation_delay=&#8221;300&#8243; animation_type=&#8221;fadeInUp&#8221;][\/vc_column][\/vc_row]<\/p>\n","protected":false},"excerpt":{"rendered":"<p>[vc_row content_placement=&#8221;middle&#8221; no_padding=&#8221;yes&#8221; el_class=&#8221;pb-md-2&#8243;][vc_column animation_delay=&#8221;100&#8243; offset=&#8221;vc_col-md-6&#8243; css=&#8221;.vc_custom_1704549437965{padding-top: 33vh !important;padding-bottom: 33vh !important;background-image: url(https:\/\/www.drilkeralicerci.com.tr\/wp-content\/uploads\/2024\/01\/thumbnail_IMG_1926.jpg?id=505) !important;background-position: center !important;background-repeat: no-repeat !important;background-size: cover !important;}&#8221; el_class=&#8221;section-right-triangle&#8221; animation_type=&#8221;fadeIn&#8221;][\/vc_column][vc_column is_half=&#8221;yes&#8221; offset=&#8221;vc_col-md-6&#8243; half_css=&#8221;py-5&#8243;][vc_custom_heading text=&#8221;1971 y\u0131l\u0131nda Osmaniye\u2019de do\u011fdum. 1994 y\u0131l\u0131nda \u0130stanbul T\u0131p Fak\u00fcltesinden mezun oldum. Ayn\u0131 y\u0131l Okmeydan\u0131 E\u011fitim ve Ara\u015ft\u0131rma Hastanesinde, Kad\u0131n Do\u011fum \u0130htisas\u0131na ba\u015flad\u0131m. 1999 y\u0131l\u0131nda Kad\u0131n Do\u011fum Uzman\u0131 oldum. Anadolu\u2019da 20 y\u0131l [&hellip;]<\/p>\n","protected":false},"author":1,"featured_media":0,"parent":0,"menu_order":0,"comment_status":"closed","ping_status":"closed","template":"","meta":{"footnotes":""},"class_list":["post-11","page","type-page","status-publish","hentry"],"_links":{"self":[{"href":"https:\/\/www.drilkeralicerci.com.tr\/index.php?rest_route=\/wp\/v2\/pages\/11","targetHints":{"allow":["GET"]}}],"collection":[{"href":"https:\/\/www.drilkeralicerci.com.tr\/index.php?rest_route=\/wp\/v2\/pages"}],"about":[{"href":"https:\/\/www.drilkeralicerci.com.tr\/index.php?rest_route=\/wp\/v2\/types\/page"}],"author":[{"embeddable":true,"href":"https:\/\/www.drilkeralicerci.com.tr\/index.php?rest_route=\/wp\/v2\/users\/1"}],"replies":[{"embeddable":true,"href":"https:\/\/www.drilkeralicerci.com.tr\/index.php?rest_route=%2Fwp%2Fv2%2Fcomments&post=11"}],"version-history":[{"count":10,"href":"https:\/\/www.drilkeralicerci.com.tr\/index.php?rest_route=\/wp\/v2\/pages\/11\/revisions"}],"predecessor-version":[{"id":507,"href":"https:\/\/www.drilkeralicerci.com.tr\/index.php?rest_route=\/wp\/v2\/pages\/11\/revisions\/507"}],"wp:attachment":[{"href":"https:\/\/www.drilkeralicerci.com.tr\/index.php?rest_route=%2Fwp%2Fv2%2Fmedia&parent=11"}],"curies":[{"name":"wp","href":"https:\/\/api.w.org\/{rel}","templated":true}]}}